{"id":77,"date":"2023-08-03T02:11:52","date_gmt":"2023-08-03T02:11:52","guid":{"rendered":"https:\/\/aguila-miejscemocy.pl\/?post_type=product&#038;p=77"},"modified":"2023-10-26T11:39:42","modified_gmt":"2023-10-26T11:39:42","slug":"naszyjnik-szamanski-1","status":"publish","type":"product","link":"https:\/\/aguila-miejscemocy.pl\/index.php\/produkt\/naszyjnik-szamanski-1\/","title":{"rendered":"Naszyjnik Evita"},"content":{"rendered":"<p>\u201e\u015awiec\u0105ce niebo, z\u0142ote gwiazdy, g\u00f3ry, morze i migocz\u0105ca dal, \u0142\u0105ki pe\u0142ne kwiat\u00f3w, drzewa w rozkwicie \u2013 wszystko jest odbiciem boskiej dobroci\u201d. Arno P\u00f6tzsc<\/p>\n<div id=\"WidgetFloaterPanels\" class=\"LTRStyle\" style=\"text-align: left;direction: ltr\">\n<p>&nbsp;<\/p>\n<\/div>\n","protected":false},"excerpt":{"rendered":"<p>MORELA \u00a0GRAB \u00a0D\u0104B<\/p>\n","protected":false},"featured_media":78,"comment_status":"open","ping_status":"closed","template":"","meta":{"_et_pb_use_builder":"","_et_pb_old_content":"","_et_gb_content_width":""},"product_cat":[18,20],"product_tag":[],"jetpack_sharing_enabled":true,"_links":{"self":[{"href":"https:\/\/aguila-miejscemocy.pl\/index.php\/wp-json\/wp\/v2\/product\/77"}],"collection":[{"href":"https:\/\/aguila-miejscemocy.pl\/index.php\/wp-json\/wp\/v2\/product"}],"about":[{"href":"https:\/\/aguila-miejscemocy.pl\/index.php\/wp-json\/wp\/v2\/types\/product"}],"replies":[{"embeddable":true,"href":"https:\/\/aguila-miejscemocy.pl\/index.php\/wp-json\/wp\/v2\/comments?post=77"}],"wp:featuredmedia":[{"embeddable":true,"href":"https:\/\/aguila-miejscemocy.pl\/index.php\/wp-json\/wp\/v2\/media\/78"}],"wp:attachment":[{"href":"https:\/\/aguila-miejscemocy.pl\/index.php\/wp-json\/wp\/v2\/media?parent=77"}],"wp:term":[{"taxonomy":"product_cat","embeddable":true,"href":"https:\/\/aguila-miejscemocy.pl\/index.php\/wp-json\/wp\/v2\/product_cat?post=77"},{"taxonomy":"product_tag","embeddable":true,"href":"https:\/\/aguila-miejscemocy.pl\/index.php\/wp-json\/wp\/v2\/product_tag?post=77"}],"curies":[{"name":"wp","href":"https:\/\/api.w.org\/{rel}","templated":true}]}}