{"id":169,"date":"2023-09-05T11:26:37","date_gmt":"2023-09-05T11:26:37","guid":{"rendered":"https:\/\/aguila-miejscemocy.pl\/?post_type=product&#038;p=169"},"modified":"2023-10-26T11:26:41","modified_gmt":"2023-10-26T11:26:41","slug":"naszyjnik-serpiente-dos","status":"publish","type":"product","link":"https:\/\/aguila-miejscemocy.pl\/index.php\/produkt\/naszyjnik-serpiente-dos\/","title":{"rendered":"Naszyjnik Serpiente Dos"},"content":{"rendered":"<p>P\u0119dz\u0105c z niezwyk\u0142\u0105 pr\u0119dko\u015bci\u0105 od Pra\u017ar\u00f3d\u0142a Kosmicznego Ojca zatrzymujecie si\u0119 na Ziemi, kt\u00f3ra jest wasz\u0105 Kosmiczn\u0105 Matka by narodzi\u0107 si\u0119 z jej cia\u0142a. Ona was karmi, ona was poi, ona was otula sob\u0105 w jej \u0142onie dojrzewacie do zobaczenia samych siebie.Weronika D\u0105browska<\/p>\n<p>&nbsp;<\/p>\n<div id=\"WidgetFloaterPanels\" class=\"LTRStyle\" style=\"text-align: left;direction: ltr\">\n<p>&nbsp;<\/p>\n<\/div>\n","protected":false},"excerpt":{"rendered":"<p>D\u0104B \u00a0JESION MORELA<\/p>\n<p>&nbsp;<\/p>\n<p>&nbsp;<\/p>\n<div id=\"WidgetFloaterPanels\" class=\"LTRStyle\" style=\"text-align: left;direction: ltr\">\n<div id=\"WidgetFloater\"><\/div>\n<p>&nbsp;<\/p>\n<\/div>\n","protected":false},"featured_media":170,"comment_status":"open","ping_status":"closed","template":"","meta":{"_et_pb_use_builder":"","_et_pb_old_content":"","_et_gb_content_width":""},"product_cat":[18,20],"product_tag":[],"jetpack_sharing_enabled":true,"_links":{"self":[{"href":"https:\/\/aguila-miejscemocy.pl\/index.php\/wp-json\/wp\/v2\/product\/169"}],"collection":[{"href":"https:\/\/aguila-miejscemocy.pl\/index.php\/wp-json\/wp\/v2\/product"}],"about":[{"href":"https:\/\/aguila-miejscemocy.pl\/index.php\/wp-json\/wp\/v2\/types\/product"}],"replies":[{"embeddable":true,"href":"https:\/\/aguila-miejscemocy.pl\/index.php\/wp-json\/wp\/v2\/comments?post=169"}],"wp:featuredmedia":[{"embeddable":true,"href":"https:\/\/aguila-miejscemocy.pl\/index.php\/wp-json\/wp\/v2\/media\/170"}],"wp:attachment":[{"href":"https:\/\/aguila-miejscemocy.pl\/index.php\/wp-json\/wp\/v2\/media?parent=169"}],"wp:term":[{"taxonomy":"product_cat","embeddable":true,"href":"https:\/\/aguila-miejscemocy.pl\/index.php\/wp-json\/wp\/v2\/product_cat?post=169"},{"taxonomy":"product_tag","embeddable":true,"href":"https:\/\/aguila-miejscemocy.pl\/index.php\/wp-json\/wp\/v2\/product_tag?post=169"}],"curies":[{"name":"wp","href":"https:\/\/api.w.org\/{rel}","templated":true}]}}