{"id":167,"date":"2023-09-05T11:25:14","date_gmt":"2023-09-05T11:25:14","guid":{"rendered":"https:\/\/aguila-miejscemocy.pl\/?post_type=product&#038;p=167"},"modified":"2023-10-26T11:51:00","modified_gmt":"2023-10-26T11:51:00","slug":"naszyjnik-serpiente-uno","status":"publish","type":"product","link":"https:\/\/aguila-miejscemocy.pl\/index.php\/produkt\/naszyjnik-serpiente-uno\/","title":{"rendered":"Naszyjnik Serpiente Uno"},"content":{"rendered":"<p>Gdy idziemy drog\u0105 naszych przodk\u00f3w, drog\u0105 iskry \u015bwiadomo\u015bci, drog\u0105 serca, kt\u00f3r\u0105 jeste\u015bmy to wybieramy do\u015bwiadczenia wa\u017cne, rozwijaj\u0105ce, zmieniaj\u0105ce, tworz\u0105ce coraz wi\u0119cej energii wok\u00f3\u0142 nas. Gdy zapominamy o tej drodze, gdy zbaczamy z kursu gubi\u0105c si\u0119 w labiryntach mentalnych i emocjonalnych to marnujemy energi\u0119 istnienia.<span class=\"Apple-converted-space\">\u00a0<\/span>My jesiony jeste\u015bmy rodem kt\u00f3ry pomaga innym istot\u0105 w przestrzeni fizycznej i duchowej i eterycznej wynurza\u0107 si\u0119 z tego labiryntu.Weronika D\u0105browska<\/p>\n<p>&nbsp;<\/p>\n<div id=\"WidgetFloaterPanels\" class=\"LTRStyle\" style=\"text-align: left;direction: ltr\">\n<div id=\"WidgetFloater\"><\/div>\n<div id=\"FloaterSharePanel\"><\/div>\n<p>&nbsp;<\/p>\n<\/div>\n","protected":false},"excerpt":{"rendered":"<p>JESION \u00a0MORELA \u00a0DRAB<\/p>\n<p>&nbsp;<\/p>\n<div id=\"WidgetFloaterPanels\" class=\"LTRStyle\" style=\"text-align: left;direction: ltr\">\n<div id=\"WidgetFloater\"><\/div>\n<p>&nbsp;<\/p>\n<\/div>\n","protected":false},"featured_media":168,"comment_status":"open","ping_status":"closed","template":"","meta":{"_et_pb_use_builder":"","_et_pb_old_content":"","_et_gb_content_width":""},"product_cat":[18,20],"product_tag":[],"jetpack_sharing_enabled":true,"_links":{"self":[{"href":"https:\/\/aguila-miejscemocy.pl\/index.php\/wp-json\/wp\/v2\/product\/167"}],"collection":[{"href":"https:\/\/aguila-miejscemocy.pl\/index.php\/wp-json\/wp\/v2\/product"}],"about":[{"href":"https:\/\/aguila-miejscemocy.pl\/index.php\/wp-json\/wp\/v2\/types\/product"}],"replies":[{"embeddable":true,"href":"https:\/\/aguila-miejscemocy.pl\/index.php\/wp-json\/wp\/v2\/comments?post=167"}],"wp:featuredmedia":[{"embeddable":true,"href":"https:\/\/aguila-miejscemocy.pl\/index.php\/wp-json\/wp\/v2\/media\/168"}],"wp:attachment":[{"href":"https:\/\/aguila-miejscemocy.pl\/index.php\/wp-json\/wp\/v2\/media?parent=167"}],"wp:term":[{"taxonomy":"product_cat","embeddable":true,"href":"https:\/\/aguila-miejscemocy.pl\/index.php\/wp-json\/wp\/v2\/product_cat?post=167"},{"taxonomy":"product_tag","embeddable":true,"href":"https:\/\/aguila-miejscemocy.pl\/index.php\/wp-json\/wp\/v2\/product_tag?post=167"}],"curies":[{"name":"wp","href":"https:\/\/api.w.org\/{rel}","templated":true}]}}