{"id":163,"date":"2023-09-05T11:20:44","date_gmt":"2023-09-05T11:20:44","guid":{"rendered":"https:\/\/aguila-miejscemocy.pl\/?post_type=product&#038;p=163"},"modified":"2023-10-26T11:45:54","modified_gmt":"2023-10-26T11:45:54","slug":"naszyjnik-cadena","status":"publish","type":"product","link":"https:\/\/aguila-miejscemocy.pl\/index.php\/produkt\/naszyjnik-cadena\/","title":{"rendered":"Naszyjnik Cadena"},"content":{"rendered":"<p>Istniejecie jako, kosmiczni podr\u00f3\u017cnicy ,iskry \u015bwiat\u0142a p\u0142yn\u0105ce ze S\u0142o\u0144ca, p\u0119dz\u0105ce z niezwyk\u0142\u0105 pr\u0119dko\u015bci\u0105 do Pra\u017ar\u00f3d\u0142a Kosmicznego Ojca. Zatrzymujecie si\u0119 na Ziemi kt\u00f3ra jest wasz\u0105 kosmiczn\u0105 Matk\u0105 ,by narodzi\u0107i si\u0119 z jej cia\u0142a. Ona was karmi, ona was poi, ona was otula sob\u0105.W jej \u0142onie dojrzewacie do zobaczenia samych siebie.Weronika D\u0105browska<\/p>\n<p>&nbsp;<\/p>\n<div id=\"WidgetFloaterPanels\" class=\"LTRStyle\" style=\"text-align: left;direction: ltr\">\n<div id=\"WidgetFloater\">\n<div id=\"WidgetLogoPanel\"><\/div>\n<\/div>\n<\/div>\n","protected":false},"excerpt":{"rendered":"<p>JESION \u00a0GRAB \u00a0MORELA \u00a0D\u0104B<\/p>\n","protected":false},"featured_media":164,"comment_status":"open","ping_status":"closed","template":"","meta":{"_et_pb_use_builder":"","_et_pb_old_content":"","_et_gb_content_width":""},"product_cat":[18,20],"product_tag":[],"jetpack_sharing_enabled":true,"_links":{"self":[{"href":"https:\/\/aguila-miejscemocy.pl\/index.php\/wp-json\/wp\/v2\/product\/163"}],"collection":[{"href":"https:\/\/aguila-miejscemocy.pl\/index.php\/wp-json\/wp\/v2\/product"}],"about":[{"href":"https:\/\/aguila-miejscemocy.pl\/index.php\/wp-json\/wp\/v2\/types\/product"}],"replies":[{"embeddable":true,"href":"https:\/\/aguila-miejscemocy.pl\/index.php\/wp-json\/wp\/v2\/comments?post=163"}],"wp:featuredmedia":[{"embeddable":true,"href":"https:\/\/aguila-miejscemocy.pl\/index.php\/wp-json\/wp\/v2\/media\/164"}],"wp:attachment":[{"href":"https:\/\/aguila-miejscemocy.pl\/index.php\/wp-json\/wp\/v2\/media?parent=163"}],"wp:term":[{"taxonomy":"product_cat","embeddable":true,"href":"https:\/\/aguila-miejscemocy.pl\/index.php\/wp-json\/wp\/v2\/product_cat?post=163"},{"taxonomy":"product_tag","embeddable":true,"href":"https:\/\/aguila-miejscemocy.pl\/index.php\/wp-json\/wp\/v2\/product_tag?post=163"}],"curies":[{"name":"wp","href":"https:\/\/api.w.org\/{rel}","templated":true}]}}