{"id":151,"date":"2023-09-05T11:04:25","date_gmt":"2023-09-05T11:04:25","guid":{"rendered":"https:\/\/aguila-miejscemocy.pl\/?post_type=product&#038;p=151"},"modified":"2023-10-26T11:25:32","modified_gmt":"2023-10-26T11:25:32","slug":"naszyjnik-maite","status":"publish","type":"product","link":"https:\/\/aguila-miejscemocy.pl\/index.php\/produkt\/naszyjnik-maite\/","title":{"rendered":"Naszyjnik Maite"},"content":{"rendered":"<p>Jeste\u015bmy otoczeni bosko\u015bci\u0105. Mo\u017cna j\u0105 wypatrze\u0107 w ka\u017cdym miejscu i sytuacji, w zwyk\u0142ej rzeczy czy codziennej czynno\u015bci. Siedzi sobie wygodnie w d\u017awi\u0119ku, w odbiciach \u015bwiat\u0142a a nawet w cieniach ta\u0144cz\u0105cych w letnim wietrze. Jest w zwiewno\u015bci materia\u0142u oblewaj\u0105cego kr\u0105g\u0142e, rozko\u0142ysane biodra albo w b\u0142yszcz\u0105cym s\u0142odycz\u0105 syropie lawendowym \u2013 tym, kt\u00f3ry skropli\u0142 si\u0119 w\u0142a\u015bnie na tej delikatnie w\u0142ochatej sk\u00f3rce soczystej moreli.Weronika D\u0105browska<\/p>\n<p>&nbsp;<\/p>\n<div id=\"WidgetFloaterPanels\" class=\"LTRStyle\" style=\"text-align: left;direction: ltr\">\n<div id=\"WidgetFloater\"><\/div>\n<p>&nbsp;<\/p>\n<\/div>\n","protected":false},"excerpt":{"rendered":"<p>MORELA \u00a0GRAB<\/p>\n<p>&nbsp;<\/p>\n<div id=\"WidgetFloaterPanels\" class=\"LTRStyle\" style=\"text-align: left;direction: ltr\">\n<div id=\"WidgetFloater\"><\/div>\n<p>&nbsp;<\/p>\n<\/div>\n","protected":false},"featured_media":152,"comment_status":"open","ping_status":"closed","template":"","meta":{"_et_pb_use_builder":"","_et_pb_old_content":"","_et_gb_content_width":""},"product_cat":[18,20],"product_tag":[],"jetpack_sharing_enabled":true,"_links":{"self":[{"href":"https:\/\/aguila-miejscemocy.pl\/index.php\/wp-json\/wp\/v2\/product\/151"}],"collection":[{"href":"https:\/\/aguila-miejscemocy.pl\/index.php\/wp-json\/wp\/v2\/product"}],"about":[{"href":"https:\/\/aguila-miejscemocy.pl\/index.php\/wp-json\/wp\/v2\/types\/product"}],"replies":[{"embeddable":true,"href":"https:\/\/aguila-miejscemocy.pl\/index.php\/wp-json\/wp\/v2\/comments?post=151"}],"wp:featuredmedia":[{"embeddable":true,"href":"https:\/\/aguila-miejscemocy.pl\/index.php\/wp-json\/wp\/v2\/media\/152"}],"wp:attachment":[{"href":"https:\/\/aguila-miejscemocy.pl\/index.php\/wp-json\/wp\/v2\/media?parent=151"}],"wp:term":[{"taxonomy":"product_cat","embeddable":true,"href":"https:\/\/aguila-miejscemocy.pl\/index.php\/wp-json\/wp\/v2\/product_cat?post=151"},{"taxonomy":"product_tag","embeddable":true,"href":"https:\/\/aguila-miejscemocy.pl\/index.php\/wp-json\/wp\/v2\/product_tag?post=151"}],"curies":[{"name":"wp","href":"https:\/\/api.w.org\/{rel}","templated":true}]}}