{"id":147,"date":"2023-09-05T10:59:12","date_gmt":"2023-09-05T10:59:12","guid":{"rendered":"https:\/\/aguila-miejscemocy.pl\/?post_type=product&#038;p=147"},"modified":"2023-10-26T11:48:40","modified_gmt":"2023-10-26T11:48:40","slug":"naszyjnik-enia-blanca","status":"publish","type":"product","link":"https:\/\/aguila-miejscemocy.pl\/index.php\/produkt\/naszyjnik-enia-blanca\/","title":{"rendered":"Naszyjnik Enia Blanca"},"content":{"rendered":"<p>&nbsp;<\/p>\n<p>W\u015br\u00f3d Was s\u0105 istoty, kt\u00f3re przysz\u0142y wprost ze \u017br\u00f3d\u0142a Istnienia i maj\u0105 w sobie pradawno\u015b\u0107, przedwieczno\u015b\u0107. S\u0105 to i w\u0142adcy i mistycy i poeci i arty\u015bci. Poeci umiej\u0105 w\u0142ada\u0107 Moc\u0105 Zmiany rzeczywisto\u015bci bardziej ni\u017c w\u0142adcy. Ukryta w ich sercach wiedza pozwala innym unie\u015b\u0107 si\u0119 ponad materi\u0119 i zobaczy\u0107 \u015bwiat z wysoko\u015bci, ogarniaj\u0105c swym wzrokiem przestrze\u0144 ponad labiryntami ludzkich my\u015bli i wyobra\u017ce\u0144.Weronika D\u0105browska<\/p>\n<div id=\"WidgetFloaterPanels\" class=\"LTRStyle\" style=\"text-align: left;direction: ltr\">\n<div id=\"WidgetFloater\"><\/div>\n<p>&nbsp;<\/p>\n<\/div>\n","protected":false},"excerpt":{"rendered":"<p>JESION \u00a0GRAB<\/p>\n<p>&nbsp;<\/p>\n<div id=\"WidgetFloaterPanels\" class=\"LTRStyle\" style=\"text-align: left;direction: ltr\">\n<div id=\"WidgetFloater\"><\/div>\n<p>&nbsp;<\/p>\n<\/div>\n","protected":false},"featured_media":148,"comment_status":"open","ping_status":"closed","template":"","meta":{"_et_pb_use_builder":"","_et_pb_old_content":"","_et_gb_content_width":""},"product_cat":[18,20],"product_tag":[],"jetpack_sharing_enabled":true,"_links":{"self":[{"href":"https:\/\/aguila-miejscemocy.pl\/index.php\/wp-json\/wp\/v2\/product\/147"}],"collection":[{"href":"https:\/\/aguila-miejscemocy.pl\/index.php\/wp-json\/wp\/v2\/product"}],"about":[{"href":"https:\/\/aguila-miejscemocy.pl\/index.php\/wp-json\/wp\/v2\/types\/product"}],"replies":[{"embeddable":true,"href":"https:\/\/aguila-miejscemocy.pl\/index.php\/wp-json\/wp\/v2\/comments?post=147"}],"wp:featuredmedia":[{"embeddable":true,"href":"https:\/\/aguila-miejscemocy.pl\/index.php\/wp-json\/wp\/v2\/media\/148"}],"wp:attachment":[{"href":"https:\/\/aguila-miejscemocy.pl\/index.php\/wp-json\/wp\/v2\/media?parent=147"}],"wp:term":[{"taxonomy":"product_cat","embeddable":true,"href":"https:\/\/aguila-miejscemocy.pl\/index.php\/wp-json\/wp\/v2\/product_cat?post=147"},{"taxonomy":"product_tag","embeddable":true,"href":"https:\/\/aguila-miejscemocy.pl\/index.php\/wp-json\/wp\/v2\/product_tag?post=147"}],"curies":[{"name":"wp","href":"https:\/\/api.w.org\/{rel}","templated":true}]}}