{"id":139,"date":"2023-09-05T09:33:04","date_gmt":"2023-09-05T09:33:04","guid":{"rendered":"https:\/\/aguila-miejscemocy.pl\/?post_type=product&#038;p=139"},"modified":"2023-10-26T11:41:13","modified_gmt":"2023-10-26T11:41:13","slug":"bransoletka-antonia","status":"publish","type":"product","link":"https:\/\/aguila-miejscemocy.pl\/index.php\/produkt\/bransoletka-antonia\/","title":{"rendered":"Bransoletka Antonia"},"content":{"rendered":"<p>Moc pochodzi ze \u017ar\u00f3d\u0142a z kt\u00f3rego pochodzimy.<span class=\"Apple-converted-space\">\u00a0<\/span>Nie potrzebujemy si\u0142y ale bycia w pe\u0142nej \u015bwiadomo\u015bci swojej mocy.<\/p>\n<div id=\"WidgetFloaterPanels\" class=\"LTRStyle\" style=\"text-align: left;direction: ltr\">\n<div id=\"WidgetFloater\"><\/div>\n<p>&nbsp;<\/p>\n<\/div>\n","protected":false},"excerpt":{"rendered":"<p>D\u0104B \u00a0MORELA<\/p>\n<p>&nbsp;<\/p>\n<div id=\"WidgetFloaterPanels\" class=\"LTRStyle\" style=\"text-align: left;direction: ltr\">\n<p>&nbsp;<\/p>\n<\/div>\n","protected":false},"featured_media":140,"comment_status":"open","ping_status":"closed","template":"","meta":{"_et_pb_use_builder":"","_et_pb_old_content":"","_et_gb_content_width":""},"product_cat":[18,19],"product_tag":[],"jetpack_sharing_enabled":true,"_links":{"self":[{"href":"https:\/\/aguila-miejscemocy.pl\/index.php\/wp-json\/wp\/v2\/product\/139"}],"collection":[{"href":"https:\/\/aguila-miejscemocy.pl\/index.php\/wp-json\/wp\/v2\/product"}],"about":[{"href":"https:\/\/aguila-miejscemocy.pl\/index.php\/wp-json\/wp\/v2\/types\/product"}],"replies":[{"embeddable":true,"href":"https:\/\/aguila-miejscemocy.pl\/index.php\/wp-json\/wp\/v2\/comments?post=139"}],"wp:featuredmedia":[{"embeddable":true,"href":"https:\/\/aguila-miejscemocy.pl\/index.php\/wp-json\/wp\/v2\/media\/140"}],"wp:attachment":[{"href":"https:\/\/aguila-miejscemocy.pl\/index.php\/wp-json\/wp\/v2\/media?parent=139"}],"wp:term":[{"taxonomy":"product_cat","embeddable":true,"href":"https:\/\/aguila-miejscemocy.pl\/index.php\/wp-json\/wp\/v2\/product_cat?post=139"},{"taxonomy":"product_tag","embeddable":true,"href":"https:\/\/aguila-miejscemocy.pl\/index.php\/wp-json\/wp\/v2\/product_tag?post=139"}],"curies":[{"name":"wp","href":"https:\/\/api.w.org\/{rel}","templated":true}]}}