{"id":212,"date":"2023-11-30T02:16:30","date_gmt":"2023-11-30T02:16:30","guid":{"rendered":"https:\/\/aguila-miejscemocy.pl\/?page_id=212"},"modified":"2023-11-30T02:20:14","modified_gmt":"2023-11-30T02:20:14","slug":"polityka-prywatnosci","status":"publish","type":"page","link":"https:\/\/aguila-miejscemocy.pl\/index.php\/polityka-prywatnosci\/","title":{"rendered":"Polityka prywatno\u015bci"},"content":{"rendered":"<p>[et_pb_section fb_built=&#8221;1&#8243; theme_builder_area=&#8221;post_content&#8221; _builder_version=&#8221;4.23.1&#8243; _module_preset=&#8221;default&#8221;][et_pb_row _builder_version=&#8221;4.16&#8243; global_colors_info=&#8221;{}&#8221; theme_builder_area=&#8221;post_content&#8221;][et_pb_column type=&#8221;4_4&#8243; _builder_version=&#8221;4.16&#8243; custom_padding=&#8221;|||&#8221; global_colors_info=&#8221;{}&#8221; custom_padding__hover=&#8221;|||&#8221; theme_builder_area=&#8221;post_content&#8221;][et_pb_text _builder_version=&#8221;4.23.1&#8243; text_font=&#8221;||||||||&#8221; header_font=&#8221;||||||||&#8221; header_2_font=&#8221;Oswald|500||on|on|||#81c100|&#8221; header_2_font_size=&#8221;48px&#8221; header_2_line_height=&#8221;1.6em&#8221; text_orientation=&#8221;center&#8221; hover_enabled=&#8221;0&#8243; header_2_font_size_tablet=&#8221;32px&#8221; header_2_font_size_phone=&#8221;24px&#8221; header_2_font_size_last_edited=&#8221;on|tablet&#8221; locked=&#8221;off&#8221; global_colors_info=&#8221;{}&#8221; theme_builder_area=&#8221;post_content&#8221; sticky_enabled=&#8221;0&#8243;]<\/p>\n<h2>POLITYKA PRYWATNO\u015aCI STRONY i SKLEPU AGUILA MIEJSCE MOCY<\/h2>\n<p>[\/et_pb_text][et_pb_text _builder_version=&#8221;4.23.1&#8243; _module_preset=&#8221;default&#8221; theme_builder_area=&#8221;post_content&#8221; hover_enabled=&#8221;0&#8243; sticky_enabled=&#8221;0&#8243;]<\/p>\n<p>Niniejsza Polityka Prywatno\u015bci (\u201ePolityka Prywatno\u015bci\u201e) okre\u015bla spos\u00f3b, w jaki \u201eBlue Klinik 2 JOANNA MICHALIK-PODWORSKA, \u0141UCJA MICHALIK\u201d (\u201eUs\u0142ugodawca\u201e) z siedzib\u0105 przy ul. Dworcowa 11, 41-902 Bytom, Polska, NIP: 626-303-12-19, gromadzi, przetwarza i wykorzystuje informacje na temat Klient\u00f3w.<\/p>\n<p>Wszystkie terminy pisane wielk\u0105 liter\u0105 w niniejszej Polityce Prywatno\u015bci maj\u0105 znaczenie nadane im w Regulaminie \u015bwiadczenia przez Us\u0142ugodawc\u0119 us\u0142ug drog\u0105 elektroniczn\u0105 (zwane dalej \u201eRegulaminem\u201e), chyba \u017ce co innego wynika z tre\u015bci danego postanowienia.<\/p>\n<p>1. Us\u0142ugodawca przetwarza nast\u0119puj\u0105ce dane Klienta: adres IP urz\u0105dzenia, z kt\u00f3rego korzysta wchodz\u0105c na Stron\u0119; typ przegl\u0105darki internetowej, typ oprogramowania systemowego urz\u0105dzenia Klienta. Informacje te s\u0105 wykorzystywane w celu ustalenia liczby odwiedzin Strony, \u015bredniego czasu, przez jaki Klient korzysta ze Strony albo podobnych informacji. Us\u0142ugodawca wykorzystuje te informacje w celu poprawy zawarto\u015bci Strony.<br \/>2. Klient, kt\u00f3ry ma zamiar wys\u0142a\u0107 zapytania ofertowe dotycz\u0105ce produkt\u00f3w Us\u0142ugodawcy b\u0105d\u017a skontaktowa\u0107 si\u0119 z Us\u0142ugodawc\u0105 w innej sprawie, mo\u017ce wys\u0142a\u0107 wiadomo\u015b\u0107 na adres kontakt@blueklinik.pl, podaj\u0105c nast\u0119puj\u0105ce dane: imi\u0119 i nazwisko, adres e-mail oraz zapytanie.<br \/>3. Dane wskazane w ust. 2 a tak\u017ce adres e-mail Klienta b\u0119d\u0105 dalej okre\u015blane \u0142\u0105cznie jako \u201eDane Osobowe\u201e.<br \/>4. Administratorem Danych Osobowych jest Us\u0142ugodawca (tj. \u201eBlue Klinik 2 JOANNA MICHALIK-PODWORSKA, \u0141UCJA MICHALIK\u201d ul. Dworcowa 11, 41-902 Bytom, Polska).<br \/>5. Dane Osobowe przetwarzane s\u0105 przez Us\u0142ugodawc\u0119 w celu kontaktu z Klientem, w tym tak\u017ce w celu \u015bwiadczenia us\u0142ug drog\u0105 elektroniczn\u0105 zawierania i realizacji um\u00f3w handlowych, archiwizacji, a tak\u017ce w celach marketingowych.<br \/>6. Dane Osobowe s\u0105 przetwarzane na podstawie wysy\u0142anego przez Klienta formularza kontaktowego, zapytania ofertowego, na podstawie zgody Klienta na przetwarzanie danych osobowych w celach otrzymywania oferty handlowej lub na podstawie uzasadnionego interesu administratora (np. obrona przed roszczeniami czy zapewnienie funkcjonowania strony).<br \/>7. Podanie Danych Osobowych przez Klienta jest dobrowolne, jednak mo\u017ce by\u0107 niezb\u0119dne dla korzystania z us\u0142ug lub realizacji umowy.<br \/>8. Odbiorcami danych osobowych s\u0105 upowa\u017cnieni pracownicy odpowiedzialni za obs\u0142ug\u0119 Klient\u00f3w oraz podmioty \u015bwiadcz\u0105ce us\u0142ugi na rzecz Us\u0142ugodawcy (np. firmy prowadz\u0105ce ksi\u0119gowo\u015b\u0107, us\u0142ugi IT).<br \/>9. Dane przechowywane s\u0105 przez okres niezb\u0119dny dla realizacji um\u00f3w. Po tym okresie, dane mog\u0105 by\u0107 przetwarzane w oparciu o obowi\u0105zki prawne Us\u0142ugodawcy (np. w zakresie przechowywania dokument\u00f3w ksi\u0119gowych), czy prawnie uzasadniony interes (obrona przed roszczeniami, jakie mog\u0105 przys\u0142ugiwa\u0107 wobec Us\u0142ugodawcy).<br \/>10. Klient ma prawo dost\u0119pu do tre\u015bci Danych Osobowych jego dotycz\u0105cych oraz ich sprostowania, usuni\u0119cia lub przeniesienia, a tak\u017ce prawo do \u017c\u0105dania ograniczenia przetwarzania oraz wniesienia sprzeciwu wobec takiego przetwarzania. Ponadto, w zakresie Danych przetwarzanych na podstawie zgody, Klientowi przys\u0142uguje prawo do wycofania zgody w dowolnym momencie. Ka\u017cdej osobie, kt\u00f3rej Dane s\u0105 przetwarzane przys\u0142uguje r\u00f3wnie\u017c prawo do wniesienia skargi do Prezesa Urz\u0119du Ochrony Danych Osobowych<br \/>11. Przy przetwarzaniu Danych Osobowych Us\u0142ugodawca korzysta z oprogramowania, kt\u00f3re zabezpiecza je przez dost\u0119pem przez podmioty nieupowa\u017cnione, a tak\u017ce przed ich utrat\u0105 i dzia\u0142aniem z\u0142o\u015bliwego oprogramowania, kt\u00f3rego celem jest uzyskanie do nich dost\u0119pu.<br \/>12. Strona wykorzystuje pliki \u201ecookies\u201d, czyli niewielkie pliki tekstowe, kt\u00f3re s\u0105 wysy\u0142ane do komputera Klienta podczas korzystania z Strony. Informacje zbierane przy pomocy \u201ecookies\u201d pozwalaj\u0105 dostosowywa\u0107 us\u0142ugi i tre\u015bci oferowane przez Us\u0142ugodawc\u0119 za po\u015brednictwem Strony do indywidualnych potrzeb i preferencji Klienta, jak r\u00f3wnie\u017c s\u0142u\u017c\u0105 do opracowywania og\u00f3lnych statystyk dotycz\u0105cych korzystania przez Klienta ze Strony. Kiedy przegl\u0105darka ponownie po\u0142\u0105czy si\u0119 ze stron\u0105, witryna rozpoznaje rodzaj urz\u0105dzenia, z kt\u00f3rego \u0142\u0105czy si\u0119 Klient. Parametry pozwalaj\u0105 na odczytanie informacji w nich zawartych jedynie serwerowi, kt\u00f3ry je utworzy\u0142. Cookies u\u0142atwiaj\u0105 wi\u0119c korzystanie z wcze\u015bniej odwiedzonych witryn. Gromadzone informacje dotycz\u0105 adresu IP, typu wykorzystywanej przegl\u0105darki, j\u0119zyka, rodzaju systemu operacyjnego, dostawcy us\u0142ug internetowych, informacji o czasie i dacie, lokalizacji oraz informacji przesy\u0142anych do witryny za po\u015brednictwem formularza kontaktowego.<br \/>13. Dzi\u0119ki plikom \u201ecookies\u201d, przegl\u0105darka internetowa Klienta mo\u017ce zosta\u0107 rozpoznana przez Stron\u0119. Wi\u0119kszo\u015b\u0107 u\u017cywanych na Stronie \u201ecookies\u201d jest usuwana z dysku twardego komputera Klienta (\u201esession cookies\u201d) po zako\u0144czeniu przez niego sesji (czyli po wylogowaniu si\u0119 lub zamkni\u0119ciu okna przegl\u0105darki). Pozosta\u0142e pliki \u201ecookies\u201d pozostaj\u0105 na komputerze Klienta w celu umo\u017cliwienia rozpoznania komputera Klienta podczas kolejnej wizyty (\u201etrwa\u0142e cookies\u201d).<br \/>14. Cookies identyfikuje Klienta, co pozwala na dopasowanie tre\u015bci witryny, z kt\u00f3rej korzysta, do jego potrzeb. Zapami\u0119tuj\u0105c jego preferencje, umo\u017cliwia odpowiednie dopasowanie skierowanych do niego reklam. Stosujemy pliki cookies, aby zagwarantowa\u0107 najwy\u017cszy standard wygody naszej Strony, a zebrane dane s\u0105 wykorzystywane jedynie przez Sprzedawc\u0119 w celu optymalizacji dzia\u0142a\u0144.<br \/>15. W wielu przypadkach oprogramowanie s\u0142u\u017c\u0105ce do przegl\u0105dania stron internetowych (przegl\u0105darka internetowa) domy\u015blnie dopuszcza przechowywanie plik\u00f3w \u201ecookies\u201d w urz\u0105dzeniu ko\u0144cowym Klienta. Klienci Strony mog\u0105 dokona\u0107 w ka\u017cdym czasie zmiany ustawie\u0144 dotycz\u0105cych plik\u00f3w \u201ecookies\u201d. Ustawienia te mog\u0105 zosta\u0107 zmienione w szczeg\u00f3lno\u015bci w taki spos\u00f3b, aby blokowa\u0107 automatyczn\u0105 obs\u0142ug\u0119 plik\u00f3w \u201ecookies\u201d w ustawieniach przegl\u0105darki internetowej b\u0105d\u017a informowa\u0107 o ich ka\u017cdorazowym zamieszczeniu w urz\u0105dzeniu Klienta Strony. Szczeg\u00f3\u0142owe informacje o mo\u017cliwo\u015bci i sposobach obs\u0142ugi plik\u00f3w \u201ecookies\u201d dost\u0119pne s\u0105 w ustawieniach przegl\u0105darki internetowej.<\/p>\n<p>[\/et_pb_text][\/et_pb_column][\/et_pb_row][\/et_pb_section]<\/p>\n","protected":false},"excerpt":{"rendered":"<p>POLITYKA PRYWATNO\u015aCI STRONY i SKLEPU AGUILA MIEJSCE MOCYNiniejsza Polityka Prywatno\u015bci (\u201ePolityka Prywatno\u015bci\u201e) okre\u015bla spos\u00f3b, w jaki \u201eBlue Klinik 2 JOANNA MICHALIK-PODWORSKA, \u0141UCJA MICHALIK\u201d (\u201eUs\u0142ugodawca\u201e) z siedzib\u0105 przy ul. Dworcowa 11, 41-902 Bytom, Polska, NIP: 626-303-12-19, gromadzi, przetwarza i wykorzystuje informacje na temat Klient\u00f3w. Wszystkie terminy pisane wielk\u0105 liter\u0105 w niniejszej Polityce Prywatno\u015bci maj\u0105 znaczenie nadane [&hellip;]<\/p>\n","protected":false},"author":2,"featured_media":0,"parent":0,"menu_order":0,"comment_status":"closed","ping_status":"closed","template":"","meta":{"_et_pb_use_builder":"on","_et_pb_old_content":"","_et_gb_content_width":"","footnotes":""},"jetpack_sharing_enabled":true,"_links":{"self":[{"href":"https:\/\/aguila-miejscemocy.pl\/index.php\/wp-json\/wp\/v2\/pages\/212"}],"collection":[{"href":"https:\/\/aguila-miejscemocy.pl\/index.php\/wp-json\/wp\/v2\/pages"}],"about":[{"href":"https:\/\/aguila-miejscemocy.pl\/index.php\/wp-json\/wp\/v2\/types\/page"}],"author":[{"embeddable":true,"href":"https:\/\/aguila-miejscemocy.pl\/index.php\/wp-json\/wp\/v2\/users\/2"}],"replies":[{"embeddable":true,"href":"https:\/\/aguila-miejscemocy.pl\/index.php\/wp-json\/wp\/v2\/comments?post=212"}],"version-history":[{"count":3,"href":"https:\/\/aguila-miejscemocy.pl\/index.php\/wp-json\/wp\/v2\/pages\/212\/revisions"}],"predecessor-version":[{"id":216,"href":"https:\/\/aguila-miejscemocy.pl\/index.php\/wp-json\/wp\/v2\/pages\/212\/revisions\/216"}],"wp:attachment":[{"href":"https:\/\/aguila-miejscemocy.pl\/index.php\/wp-json\/wp\/v2\/media?parent=212"}],"curies":[{"name":"wp","href":"https:\/\/api.w.org\/{rel}","templated":true}]}}